{"id":205,"date":"2012-02-02T10:42:48","date_gmt":"2012-02-02T10:42:48","guid":{"rendered":"http:\/\/www.gamsau.map.cnrs.fr\/?page_id=205"},"modified":"2017-01-06T09:54:28","modified_gmt":"2017-01-06T08:54:28","slug":"cooperations","status":"publish","type":"page","link":"http:\/\/www.gamsau.map.cnrs.fr\/?page_id=205","title":{"rendered":"Coop\u00e9rations"},"content":{"rendered":"<h5><span style=\"color: #888888;\">\u00c9T A B L I S S E M E N T S \u00a0 D E \u00a0 R E C H E R C H E \u00a0 E T \u00a0 E N S E I G N E M E N T \u00a0 E N \u00a0 F R A N C E<\/span><\/h5>\n<p>&nbsp;<\/p>\n<ul>\n<li><span style=\"color: #888888;\">EPHE, \u00c9cole pratique des hautes \u00c9tudes, <em>Marie-Fran\u00e7oise Courel, Sabine Frommel<\/em><\/span><\/li>\n<li><span style=\"color: #888888;\">IGN, Laboratoire MATIS, <em>Nicolas Paparoditis, Didier Boldo<\/em><\/span><\/li>\n<li><span style=\"color: #888888;\">Institut Image \u2013 Laboratoire Le2i,<em> Fr\u00e9deric Merienne<\/em><\/span><\/li>\n<li><span style=\"color: #888888;\">Arts et M\u00e9tiers ParisTech d\u2019Aix \u2013 Laboratoire SIS, <em>Philippe Veron<\/em><\/span><\/li>\n<li><span style=\"color: #888888;\">Centre Ausonius \u2013 UMR CNRS 5607, Maison de l\u2019Arch\u00e9ologie<\/span><\/li>\n<li><span style=\"color: #888888;\">Maison M\u00e9diterran\u00e9enne des Sciences de l\u2019Homme \u2013 MMSH P\u00f4le villes, Aix en Provence<\/span><\/li>\n<li><span style=\"color: #888888;\">CIPA, comit\u00e9 International de Photogramm\u00e9trie Architecturale<\/span><\/li>\n<li><span style=\"color: #888888;\">UMR 8155 (CNRS\/EPHE\/Coll\u00e8ge de France), <em>Fran\u00e7oise Wang-Toutain<\/em><\/span><\/li>\n<li><span style=\"color: #888888;\">CICRP (Centre Interr\u00e9gional de Conservation et Restauration du Patrimoine)<\/span><\/li>\n<li><span style=\"color: #888888;\">Centre de recherche sur la mati\u00e8re divis\u00e9e (universit\u00e9 d\u2019Orl\u00e9ans), <em>Xavier Brunetaud<\/em><\/span><\/li>\n<li><span style=\"color: #888888;\">Laboratoire LIMSI (CNRS), <em>Christian Jacquemin<\/em><\/span><\/li>\n<li><span style=\"color: #888888;\">Laboratoire LAMM (CNRS\/MMSH), <em>Andreas Hartmann-Virnich<\/em><\/span><\/li>\n<\/ul>\n<p>&nbsp;<\/p>\n<h5><span style=\"color: #888888;\">\u00c9T A B L I S S E M E N T S \u00a0 D E \u00a0 R E C H E R C H E \u00a0 E T \u00a0 E N S E I G N E M E N T \u00a0 \u00c0 \u00a0 L \u2019 \u00c9 T R A N G E R<\/span><\/h5>\n<p>&nbsp;<\/p>\n<ul>\n<li><span style=\"color: #888888;\">CNR-IMATI (Genova, Italie),<em> Bianca Falcidieno, Michela Spagnuolo<\/em><\/span><\/li>\n<li><span style=\"color: #888888;\">CNR-ITABC (Rome, Italie), <em>Paolo Salonia<\/em><\/span><\/li>\n<li><span style=\"color: #888888;\">IUAV (Istituto Universitario di Architettura di Venezia), <em>Agostino De Rosa<\/em><\/span><\/li>\n<li><span style=\"color: #888888;\">Universit\u00e9 de Bologna (facult\u00e9 d\u2019ing\u00e9nierie), <em>Marco Gaiani<\/em><\/span><\/li>\n<li><span style=\"color: #888888;\">Universit\u00e0 di Roma La Sapienza,<em> Elena Ippoliti<\/em><\/span><\/li>\n<li><span style=\"color: #888888;\">Universit\u00e0 di Pescara (facolt\u00e0 di Architettura), <em>Livio Sacchi<\/em><\/span><\/li>\n<li><span style=\"color: #888888;\">Institut de formation Tecnocit\u00e9 Mons, <em>Pascal Keiser<\/em><\/span><\/li>\n<li><span style=\"color: #888888;\">\u00c9cole d\u2019architecture de la Cambre (Bruxelles), <em>Denis Dereyke<\/em><\/span><\/li>\n<li><span style=\"color: #888888;\">Massachusetts Institute of Technology, Architecture Department<\/span><\/li>\n<\/ul>\n<p>&nbsp;<\/p>\n<h5><span style=\"color: #888888;\">I N S T I T U T I O N S \u00a0 C U L T U R E L L E S<\/span><\/h5>\n<p>&nbsp;<\/p>\n<ul>\n<li><span style=\"color: #888888;\">CMN, Centre des Monuments Nationaux, <em>Jean-Paul Ciret, Georges Puchal<\/em><\/span><\/li>\n<li><span style=\"color: #888888;\">Ch\u00e2teau Versailles, <em>Bertrand Rondot<\/em><\/span><\/li>\n<li><span style=\"color: #888888;\">Centre Pompidou, <em>Guy Morvan<\/em><\/span><\/li>\n<li><span style=\"color: #888888;\">Mus\u00e9e de l\u2019Arles et de la Provence Antique, <em>Claude Sintes<\/em><\/span><\/li>\n<li><span style=\"color: #888888;\">Mus\u00e9e de l\u2019histoire du fer (Jarville)<\/span><\/li>\n<\/ul>\n<p>&nbsp;<\/p>\n<h5><span style=\"color: #888888;\">P A R T E N A I R E S \u00a0 I N D U S T R I E L S<\/span><\/h5>\n<p>&nbsp;<\/p>\n<ul>\n<li><span style=\"color: #888888;\">AUTODESK (Computer Vision and Imaging), <em>Luc Robert et St\u00e9phane Nullans<\/em><\/span><\/li>\n<li><span style=\"color: #888888;\">TRIMBLE Laser Scanning, <em>Xin Chen<\/em><\/span><\/li>\n<li><span style=\"color: #888888;\">SURVEYCOPTER, <em>Pierre Tantot<\/em><\/span><\/li>\n<\/ul>\n","protected":false},"excerpt":{"rendered":"<p>\u00c9T A B L I S S E M E N T S \u00a0 D E \u00a0 R E C H E R C H E \u00a0 E T \u00a0 E N S E I G N E M E N T \u00a0 E N \u00a0 F R A N C E &nbsp; EPHE, \u00c9cole [&hellip;]<\/p>\n","protected":false},"author":1,"featured_media":0,"parent":54,"menu_order":6,"comment_status":"closed","ping_status":"closed","template":"","meta":{"footnotes":""},"class_list":["post-205","page","type-page","status-publish","hentry"],"_links":{"self":[{"href":"http:\/\/www.gamsau.map.cnrs.fr\/index.php?rest_route=\/wp\/v2\/pages\/205","targetHints":{"allow":["GET"]}}],"collection":[{"href":"http:\/\/www.gamsau.map.cnrs.fr\/index.php?rest_route=\/wp\/v2\/pages"}],"about":[{"href":"http:\/\/www.gamsau.map.cnrs.fr\/index.php?rest_route=\/wp\/v2\/types\/page"}],"author":[{"embeddable":true,"href":"http:\/\/www.gamsau.map.cnrs.fr\/index.php?rest_route=\/wp\/v2\/users\/1"}],"replies":[{"embeddable":true,"href":"http:\/\/www.gamsau.map.cnrs.fr\/index.php?rest_route=%2Fwp%2Fv2%2Fcomments&post=205"}],"version-history":[{"count":10,"href":"http:\/\/www.gamsau.map.cnrs.fr\/index.php?rest_route=\/wp\/v2\/pages\/205\/revisions"}],"predecessor-version":[{"id":462,"href":"http:\/\/www.gamsau.map.cnrs.fr\/index.php?rest_route=\/wp\/v2\/pages\/205\/revisions\/462"}],"up":[{"embeddable":true,"href":"http:\/\/www.gamsau.map.cnrs.fr\/index.php?rest_route=\/wp\/v2\/pages\/54"}],"wp:attachment":[{"href":"http:\/\/www.gamsau.map.cnrs.fr\/index.php?rest_route=%2Fwp%2Fv2%2Fmedia&parent=205"}],"curies":[{"name":"wp","href":"https:\/\/api.w.org\/{rel}","templated":true}]}}