{"id":216,"date":"2012-02-02T11:02:51","date_gmt":"2012-02-02T11:02:51","guid":{"rendered":"http:\/\/www.gamsau.map.cnrs.fr\/?page_id=216"},"modified":"2017-03-21T15:19:31","modified_gmt":"2017-03-21T14:19:31","slug":"doctorat","status":"publish","type":"page","link":"http:\/\/www.gamsau.map.cnrs.fr\/?page_id=216","title":{"rendered":"Doctorat"},"content":{"rendered":"<p><span style=\"color: #888888;\">L&#8217;\u00e9quipe du MAP-Gamsau est rattach\u00e9e, en tant qu\u2019unit\u00e9 d\u2019accueil :<br \/>\n<\/span><\/p>\n<ul>\n<li><span style=\"color: #888888;\">\u00c9COLE DOCTORALE n\u00b0432<\/span><br \/>\n<span style=\"color: #888888;\"> <strong>Arts et M\u00e9tiers ParisTech \u2013 Sciences des M\u00e9tiers de l\u2019Ing\u00e9nieur<\/strong><\/span><br \/>\n<span style=\"color: #888888;\"> <strong> Responsable<\/strong> : Pr. Anne Bouteville, Arts et M\u00e9tiers<\/span><br \/>\n<span style=\"color: #888888;\"> <strong> Habilit\u00e9 \u00e0 Diriger des Recherches du MAP<\/strong> :\u00a0Livio DE LUCA<\/span><br \/>\n<span style=\"color: #888888;\"> <strong> SiteWeb<\/strong> : <a href=\"http:\/\/edsmi.ensam.eu\/\">http:\/\/edsmi.ensam.eu\/<\/a><\/span><\/li>\n<\/ul>\n<p>&nbsp;<\/p>\n","protected":false},"excerpt":{"rendered":"<p>L&#8217;\u00e9quipe du MAP-Gamsau est rattach\u00e9e, en tant qu\u2019unit\u00e9 d\u2019accueil : \u00c9COLE DOCTORALE n\u00b0432 Arts et M\u00e9tiers ParisTech \u2013 Sciences des M\u00e9tiers de l\u2019Ing\u00e9nieur Responsable : Pr. Anne Bouteville, Arts et M\u00e9tiers Habilit\u00e9 \u00e0 Diriger des Recherches du MAP :\u00a0Livio DE LUCA SiteWeb : http:\/\/edsmi.ensam.eu\/ &nbsp;<\/p>\n","protected":false},"author":1,"featured_media":0,"parent":76,"menu_order":3,"comment_status":"closed","ping_status":"closed","template":"","meta":{"footnotes":""},"class_list":["post-216","page","type-page","status-publish","hentry"],"_links":{"self":[{"href":"http:\/\/www.gamsau.map.cnrs.fr\/index.php?rest_route=\/wp\/v2\/pages\/216","targetHints":{"allow":["GET"]}}],"collection":[{"href":"http:\/\/www.gamsau.map.cnrs.fr\/index.php?rest_route=\/wp\/v2\/pages"}],"about":[{"href":"http:\/\/www.gamsau.map.cnrs.fr\/index.php?rest_route=\/wp\/v2\/types\/page"}],"author":[{"embeddable":true,"href":"http:\/\/www.gamsau.map.cnrs.fr\/index.php?rest_route=\/wp\/v2\/users\/1"}],"replies":[{"embeddable":true,"href":"http:\/\/www.gamsau.map.cnrs.fr\/index.php?rest_route=%2Fwp%2Fv2%2Fcomments&post=216"}],"version-history":[{"count":6,"href":"http:\/\/www.gamsau.map.cnrs.fr\/index.php?rest_route=\/wp\/v2\/pages\/216\/revisions"}],"predecessor-version":[{"id":4598,"href":"http:\/\/www.gamsau.map.cnrs.fr\/index.php?rest_route=\/wp\/v2\/pages\/216\/revisions\/4598"}],"up":[{"embeddable":true,"href":"http:\/\/www.gamsau.map.cnrs.fr\/index.php?rest_route=\/wp\/v2\/pages\/76"}],"wp:attachment":[{"href":"http:\/\/www.gamsau.map.cnrs.fr\/index.php?rest_route=%2Fwp%2Fv2%2Fmedia&parent=216"}],"curies":[{"name":"wp","href":"https:\/\/api.w.org\/{rel}","templated":true}]}}