{"id":225,"date":"2012-02-02T11:05:08","date_gmt":"2012-02-02T11:05:08","guid":{"rendered":"http:\/\/www.gamsau.map.cnrs.fr\/?page_id=225"},"modified":"2019-07-15T16:09:58","modified_gmt":"2019-07-15T15:09:58","slug":"contact","status":"publish","type":"page","link":"http:\/\/www.gamsau.map.cnrs.fr\/?page_id=225","title":{"rendered":"CONTACT"},"content":{"rendered":"<p>&nbsp;<\/p>\n<p><span style=\"font-size: medium; color: #808080;\"><sub><a href=\"http:\/\/www.gamsau.map.cnrs.fr\/wp-content\/uploads\/Screen-Shot-2011-12-15-at-11.34.322.jpg\"><span style=\"color: #808080;\"><img loading=\"lazy\" decoding=\"async\" class=\"alignnone size-full wp-image-794\" style=\"float: left; margin-left: 10px; margin-right: 10px;\" title=\"Screen Shot 2011-12-15 at 11.34.32\" src=\"http:\/\/www.gamsau.map.cnrs.fr\/wp-content\/uploads\/Screen-Shot-2011-12-15-at-11.34.322.jpg\" alt=\"\" width=\"100\" height=\"69\" \/><\/span><\/a><strong>\u00c9quipe MAP-Gamsau<\/strong>, Campus CNRS Joseph Aiguier<br \/>\nB\u00e2timent US<br \/>\n31 chemin Joseph Aiguier<br \/>\n13402 MARSEILLE cedex 09<br \/>\nt\u00e9l : 33 (0)4 91 16 43 42<br \/>\nfax : 33 (0)4 91 16 43 43<br \/>\ne-mail : map@map.cnrs.fr<\/sub><\/span><\/p>\n","protected":false},"excerpt":{"rendered":"<p>&nbsp; \u00c9quipe MAP-Gamsau, Campus CNRS Joseph Aiguier B\u00e2timent US 31 chemin Joseph Aiguier 13402 MARSEILLE cedex 09 t\u00e9l : 33 (0)4 91 16 43 42 fax : 33 (0)4 91 16 43 43 e-mail : map@map.cnrs.fr<\/p>\n","protected":false},"author":1,"featured_media":0,"parent":0,"menu_order":6,"comment_status":"closed","ping_status":"closed","template":"","meta":{"footnotes":""},"class_list":["post-225","page","type-page","status-publish","hentry"],"_links":{"self":[{"href":"http:\/\/www.gamsau.map.cnrs.fr\/index.php?rest_route=\/wp\/v2\/pages\/225","targetHints":{"allow":["GET"]}}],"collection":[{"href":"http:\/\/www.gamsau.map.cnrs.fr\/index.php?rest_route=\/wp\/v2\/pages"}],"about":[{"href":"http:\/\/www.gamsau.map.cnrs.fr\/index.php?rest_route=\/wp\/v2\/types\/page"}],"author":[{"embeddable":true,"href":"http:\/\/www.gamsau.map.cnrs.fr\/index.php?rest_route=\/wp\/v2\/users\/1"}],"replies":[{"embeddable":true,"href":"http:\/\/www.gamsau.map.cnrs.fr\/index.php?rest_route=%2Fwp%2Fv2%2Fcomments&post=225"}],"version-history":[{"count":21,"href":"http:\/\/www.gamsau.map.cnrs.fr\/index.php?rest_route=\/wp\/v2\/pages\/225\/revisions"}],"predecessor-version":[{"id":5290,"href":"http:\/\/www.gamsau.map.cnrs.fr\/index.php?rest_route=\/wp\/v2\/pages\/225\/revisions\/5290"}],"wp:attachment":[{"href":"http:\/\/www.gamsau.map.cnrs.fr\/index.php?rest_route=%2Fwp%2Fv2%2Fmedia&parent=225"}],"curies":[{"name":"wp","href":"https:\/\/api.w.org\/{rel}","templated":true}]}}