{"id":2805,"date":"2014-10-02T17:55:42","date_gmt":"2014-10-02T15:55:42","guid":{"rendered":"http:\/\/www.gamsau.map.cnrs.fr\/?page_id=2805"},"modified":"2019-07-15T16:13:50","modified_gmt":"2019-07-15T15:13:50","slug":"testpublis","status":"publish","type":"page","link":"http:\/\/www.gamsau.map.cnrs.fr\/?page_id=2805","title":{"rendered":"par cat\u00e9gorie"},"content":{"rendered":"<script type=\"text\/javascript\">jQuery.noConflict();jQuery(document).ready(function(){\tjQuery(\"#accordion1 div.swap1\").hide();\tjQuery(\"#accordion1 h3\").click(function(){\t\tjQuery(this).next(\"div.swap1\").slideToggle(\"slow\")\t\t.siblings(\"div.swap1:visible\").slideUp(\"slow\");\t\tjQuery(this).toggleClass(\"active\");\t\tjQuery(this).siblings(\"h3\").removeClass(\"active\");\t});}); <\/script> <style type=\"text\/css\">#accordion1 h3 {background-color: #ffffff; }<\/style><style type=\"text\/css\">#accordion1 h3.active {background-color: #f1f1f1; }#accordion1 h3:hover {background-color: #f1f1f1; }<\/style><div class=\"accordion\" id=\"accordion1\" style=\"\">\n<h3>Articles dans revues internationales \u00e0 comit\u00e9 de lecture r\u00e9pertori\u00e9es<\/h3>\n<div class=\"swap1\">\n<div><div id=\"zotpress-db1384445f905ecaf8dec12cb15ab0cf\" class=\"zp-Zotpress zp-Zotpress-Bib\">\n\t\t\n\t\t\t<span class=\"ZP_API_USER_ID\" style=\"display: none;\">2105085<\/span>\n\t\t\t<span class=\"ZP_ITEM_KEY\" style=\"display: none;\"><\/span>\n\t\t\t<span class=\"ZP_COLLECTION_ID\" style=\"display: none;\">DVT979UP<\/span>\n\t\t\t<span class=\"ZP_TAG_ID\" style=\"display: none;\"><\/span>\n\t\t\t<span class=\"ZP_AUTHOR\" style=\"display: none;\"><\/span>\n\t\t\t<span class=\"ZP_YEAR\" style=\"display: none;\"><\/span>\n\t\t\t<span class=\"ZP_DATATYPE\" style=\"display: none;\">items<\/span>\n\t\t\t<span class=\"ZP_INCLUSIVE\" style=\"display: none;\">1<\/span>\n\t\t\t<span class=\"ZP_STYLE\" style=\"display: none;\"><\/span>\n\t\t\t<span class=\"ZP_LIMIT\" style=\"display: none;\"><\/span>\n\t\t\t<span class=\"ZP_SORTBY\" style=\"display: none;\">date<\/span>\n\t\t\t<span class=\"ZP_ORDER\" style=\"display: none;\">desc<\/span>\n\t\t\t<span class=\"ZP_TITLE\" style=\"display: none;\"><\/span>\n\t\t\t<span class=\"ZP_SHOWIMAGE\" style=\"display: none;\"><\/span>\n\t\t\t<span class=\"ZP_SHOWTAGS\" style=\"display: none;\"><\/span>\n\t\t\t<span class=\"ZP_DOWNLOADABLE\" style=\"display: none;\"><\/span>\n\t\t\t<span class=\"ZP_NOTES\" style=\"display: none;\"><\/span>\n\t\t\t<span class=\"ZP_ABSTRACT\" style=\"display: none;\"><\/span>\n\t\t\t<span class=\"ZP_CITEABLE\" style=\"display: none;\"><\/span>\n\t\t\t<span class=\"ZP_TARGET\" style=\"display: none;\">1<\/span>\n\t\t\t<span class=\"ZP_URLWRAP\" style=\"display: none;\"><\/span>\n\t\t\t<span class=\"ZP_FORCENUM\" style=\"display: none;\"><\/span>\n\t\t\t<span class=\"ZP_HIGHLIGHT\" style=\"display: none;\"><\/span>\n\t\t\t<span class=\"ZOTPRESS_PLUGIN_URL\" style=\"display:none;\">http:\/\/www.gamsau.map.cnrs.fr\/wp-content\/plugins\/zotpress\/<\/span>\n\t\t\t\n\t\t\t<div class=\"zp-List loading\"><\/div><!-- .zp-List --><\/div><!--.zp-Zotpress-->\n\n<\/div>\n<\/div>\n<h3>Articles dans revues \u00e0 comit\u00e9 de lecture non r\u00e9pertori\u00e9es<\/h3>\n<div class=\"swap1\">\n<div>\n<div id=\"zotpress-25535c4f94ee6b4186a7ff857dd25fbf\" class=\"zp-Zotpress zp-Zotpress-Bib\">\n\t\t\n\t\t\t<span class=\"ZP_API_USER_ID\" style=\"display: none;\">2105085<\/span>\n\t\t\t<span class=\"ZP_ITEM_KEY\" style=\"display: none;\"><\/span>\n\t\t\t<span class=\"ZP_COLLECTION_ID\" style=\"display: none;\">IGHK3XK6<\/span>\n\t\t\t<span class=\"ZP_TAG_ID\" style=\"display: none;\"><\/span>\n\t\t\t<span class=\"ZP_AUTHOR\" style=\"display: none;\"><\/span>\n\t\t\t<span class=\"ZP_YEAR\" style=\"display: none;\"><\/span>\n\t\t\t<span class=\"ZP_DATATYPE\" style=\"display: none;\">items<\/span>\n\t\t\t<span class=\"ZP_INCLUSIVE\" style=\"display: none;\">1<\/span>\n\t\t\t<span class=\"ZP_STYLE\" style=\"display: none;\"><\/span>\n\t\t\t<span class=\"ZP_LIMIT\" style=\"display: none;\"><\/span>\n\t\t\t<span class=\"ZP_SORTBY\" style=\"display: none;\">date<\/span>\n\t\t\t<span class=\"ZP_ORDER\" style=\"display: none;\">desc<\/span>\n\t\t\t<span class=\"ZP_TITLE\" style=\"display: none;\"><\/span>\n\t\t\t<span class=\"ZP_SHOWIMAGE\" style=\"display: none;\"><\/span>\n\t\t\t<span class=\"ZP_SHOWTAGS\" style=\"display: none;\"><\/span>\n\t\t\t<span class=\"ZP_DOWNLOADABLE\" style=\"display: none;\"><\/span>\n\t\t\t<span class=\"ZP_NOTES\" style=\"display: none;\"><\/span>\n\t\t\t<span class=\"ZP_ABSTRACT\" style=\"display: none;\"><\/span>\n\t\t\t<span class=\"ZP_CITEABLE\" style=\"display: none;\"><\/span>\n\t\t\t<span class=\"ZP_TARGET\" style=\"display: none;\">1<\/span>\n\t\t\t<span class=\"ZP_URLWRAP\" style=\"display: none;\"><\/span>\n\t\t\t<span class=\"ZP_FORCENUM\" style=\"display: none;\"><\/span>\n\t\t\t<span class=\"ZP_HIGHLIGHT\" style=\"display: none;\"><\/span>\n\t\t\t<span class=\"ZOTPRESS_PLUGIN_URL\" style=\"display:none;\">http:\/\/www.gamsau.map.cnrs.fr\/wp-content\/plugins\/zotpress\/<\/span>\n\t\t\t\n\t\t\t<div class=\"zp-List loading\"><\/div><!-- .zp-List --><\/div><!--.zp-Zotpress-->\n\n\n<\/div>\n<\/div>\n<h3>Ouvrages scientifiques (ou chapitres de ces ouvrages)<\/h3>\n<div class=\"swap1\">\n<div>\n<div id=\"zotpress-3fb5d7a114b87785a6acd5aec5a365fe\" class=\"zp-Zotpress zp-Zotpress-Bib\">\n\t\t\n\t\t\t<span class=\"ZP_API_USER_ID\" style=\"display: none;\">2105085<\/span>\n\t\t\t<span class=\"ZP_ITEM_KEY\" style=\"display: none;\"><\/span>\n\t\t\t<span class=\"ZP_COLLECTION_ID\" style=\"display: none;\">ZB8UC75J<\/span>\n\t\t\t<span class=\"ZP_TAG_ID\" style=\"display: none;\"><\/span>\n\t\t\t<span class=\"ZP_AUTHOR\" style=\"display: none;\"><\/span>\n\t\t\t<span class=\"ZP_YEAR\" style=\"display: none;\"><\/span>\n\t\t\t<span class=\"ZP_DATATYPE\" style=\"display: none;\">items<\/span>\n\t\t\t<span class=\"ZP_INCLUSIVE\" style=\"display: none;\">1<\/span>\n\t\t\t<span class=\"ZP_STYLE\" style=\"display: none;\"><\/span>\n\t\t\t<span class=\"ZP_LIMIT\" style=\"display: none;\"><\/span>\n\t\t\t<span class=\"ZP_SORTBY\" style=\"display: none;\">date<\/span>\n\t\t\t<span class=\"ZP_ORDER\" style=\"display: none;\">desc<\/span>\n\t\t\t<span class=\"ZP_TITLE\" style=\"display: none;\"><\/span>\n\t\t\t<span class=\"ZP_SHOWIMAGE\" style=\"display: none;\"><\/span>\n\t\t\t<span class=\"ZP_SHOWTAGS\" style=\"display: none;\"><\/span>\n\t\t\t<span class=\"ZP_DOWNLOADABLE\" style=\"display: none;\"><\/span>\n\t\t\t<span class=\"ZP_NOTES\" style=\"display: none;\"><\/span>\n\t\t\t<span class=\"ZP_ABSTRACT\" style=\"display: none;\"><\/span>\n\t\t\t<span class=\"ZP_CITEABLE\" style=\"display: none;\"><\/span>\n\t\t\t<span class=\"ZP_TARGET\" style=\"display: none;\">1<\/span>\n\t\t\t<span class=\"ZP_URLWRAP\" style=\"display: none;\"><\/span>\n\t\t\t<span class=\"ZP_FORCENUM\" style=\"display: none;\"><\/span>\n\t\t\t<span class=\"ZP_HIGHLIGHT\" style=\"display: none;\"><\/span>\n\t\t\t<span class=\"ZOTPRESS_PLUGIN_URL\" style=\"display:none;\">http:\/\/www.gamsau.map.cnrs.fr\/wp-content\/plugins\/zotpress\/<\/span>\n\t\t\t\n\t\t\t<div class=\"zp-List loading\"><\/div><!-- .zp-List --><\/div><!--.zp-Zotpress-->\n\n\n<\/div>\n<\/div>\n<h3>Conf\u00e9rences sur invitation<\/h3>\n<div class=\"swap1\">\n<div>\n<div id=\"zotpress-38452fc0c5d9de8ab9a09f38ad15710d\" class=\"zp-Zotpress zp-Zotpress-Bib\">\n\t\t\n\t\t\t<span class=\"ZP_API_USER_ID\" style=\"display: none;\">2105085<\/span>\n\t\t\t<span class=\"ZP_ITEM_KEY\" style=\"display: none;\"><\/span>\n\t\t\t<span class=\"ZP_COLLECTION_ID\" style=\"display: none;\">SUAEC4SG<\/span>\n\t\t\t<span class=\"ZP_TAG_ID\" style=\"display: none;\"><\/span>\n\t\t\t<span class=\"ZP_AUTHOR\" style=\"display: none;\"><\/span>\n\t\t\t<span class=\"ZP_YEAR\" style=\"display: none;\"><\/span>\n\t\t\t<span class=\"ZP_DATATYPE\" style=\"display: none;\">items<\/span>\n\t\t\t<span class=\"ZP_INCLUSIVE\" style=\"display: none;\">1<\/span>\n\t\t\t<span class=\"ZP_STYLE\" style=\"display: none;\"><\/span>\n\t\t\t<span class=\"ZP_LIMIT\" style=\"display: none;\"><\/span>\n\t\t\t<span class=\"ZP_SORTBY\" style=\"display: none;\">date<\/span>\n\t\t\t<span class=\"ZP_ORDER\" style=\"display: none;\">desc<\/span>\n\t\t\t<span class=\"ZP_TITLE\" style=\"display: none;\"><\/span>\n\t\t\t<span class=\"ZP_SHOWIMAGE\" style=\"display: none;\"><\/span>\n\t\t\t<span class=\"ZP_SHOWTAGS\" style=\"display: none;\"><\/span>\n\t\t\t<span class=\"ZP_DOWNLOADABLE\" style=\"display: none;\"><\/span>\n\t\t\t<span class=\"ZP_NOTES\" style=\"display: none;\"><\/span>\n\t\t\t<span class=\"ZP_ABSTRACT\" style=\"display: none;\"><\/span>\n\t\t\t<span class=\"ZP_CITEABLE\" style=\"display: none;\"><\/span>\n\t\t\t<span class=\"ZP_TARGET\" style=\"display: none;\">1<\/span>\n\t\t\t<span class=\"ZP_URLWRAP\" style=\"display: none;\"><\/span>\n\t\t\t<span class=\"ZP_FORCENUM\" style=\"display: none;\"><\/span>\n\t\t\t<span class=\"ZP_HIGHLIGHT\" style=\"display: none;\"><\/span>\n\t\t\t<span class=\"ZOTPRESS_PLUGIN_URL\" style=\"display:none;\">http:\/\/www.gamsau.map.cnrs.fr\/wp-content\/plugins\/zotpress\/<\/span>\n\t\t\t\n\t\t\t<div class=\"zp-List loading\"><\/div><!-- .zp-List --><\/div><!--.zp-Zotpress-->\n\n\n<\/div>\n<\/div>\n<h3>Communications avec actes dans un congr\u00e8s international<\/h3>\n<div class=\"swap1\">\n<div>\n<div id=\"zotpress-67f23e2529eea46d51f1f85fa77738ab\" class=\"zp-Zotpress zp-Zotpress-Bib\">\n\t\t\n\t\t\t<span class=\"ZP_API_USER_ID\" style=\"display: none;\">2105085<\/span>\n\t\t\t<span class=\"ZP_ITEM_KEY\" style=\"display: none;\"><\/span>\n\t\t\t<span class=\"ZP_COLLECTION_ID\" style=\"display: none;\">FNJSMU33<\/span>\n\t\t\t<span class=\"ZP_TAG_ID\" style=\"display: none;\"><\/span>\n\t\t\t<span class=\"ZP_AUTHOR\" style=\"display: none;\"><\/span>\n\t\t\t<span class=\"ZP_YEAR\" style=\"display: none;\"><\/span>\n\t\t\t<span class=\"ZP_DATATYPE\" style=\"display: none;\">items<\/span>\n\t\t\t<span class=\"ZP_INCLUSIVE\" style=\"display: none;\">1<\/span>\n\t\t\t<span class=\"ZP_STYLE\" style=\"display: none;\"><\/span>\n\t\t\t<span class=\"ZP_LIMIT\" style=\"display: none;\"><\/span>\n\t\t\t<span class=\"ZP_SORTBY\" style=\"display: none;\">date<\/span>\n\t\t\t<span class=\"ZP_ORDER\" style=\"display: none;\">desc<\/span>\n\t\t\t<span class=\"ZP_TITLE\" style=\"display: none;\"><\/span>\n\t\t\t<span class=\"ZP_SHOWIMAGE\" style=\"display: none;\"><\/span>\n\t\t\t<span class=\"ZP_SHOWTAGS\" style=\"display: none;\"><\/span>\n\t\t\t<span class=\"ZP_DOWNLOADABLE\" style=\"display: none;\"><\/span>\n\t\t\t<span class=\"ZP_NOTES\" style=\"display: none;\"><\/span>\n\t\t\t<span class=\"ZP_ABSTRACT\" style=\"display: none;\"><\/span>\n\t\t\t<span class=\"ZP_CITEABLE\" style=\"display: none;\"><\/span>\n\t\t\t<span class=\"ZP_TARGET\" style=\"display: none;\">1<\/span>\n\t\t\t<span class=\"ZP_URLWRAP\" style=\"display: none;\"><\/span>\n\t\t\t<span class=\"ZP_FORCENUM\" style=\"display: none;\"><\/span>\n\t\t\t<span class=\"ZP_HIGHLIGHT\" style=\"display: none;\"><\/span>\n\t\t\t<span class=\"ZOTPRESS_PLUGIN_URL\" style=\"display:none;\">http:\/\/www.gamsau.map.cnrs.fr\/wp-content\/plugins\/zotpress\/<\/span>\n\t\t\t\n\t\t\t<div class=\"zp-List loading\"><\/div><!-- .zp-List --><\/div><!--.zp-Zotpress-->\n\n\n<\/div>\n<\/div>\n<h3>Communication orales sans actes dans un colloque<\/h3>\n<div class=\"swap1\">\n<div id=\"zotpress-c8c0c3b24bfc80213c6411d5adb78a90\" class=\"zp-Zotpress zp-Zotpress-Bib\">\n\t\t\n\t\t\t<span class=\"ZP_API_USER_ID\" style=\"display: none;\">2105085<\/span>\n\t\t\t<span class=\"ZP_ITEM_KEY\" style=\"display: none;\"><\/span>\n\t\t\t<span class=\"ZP_COLLECTION_ID\" style=\"display: none;\">M2G5IWHU<\/span>\n\t\t\t<span class=\"ZP_TAG_ID\" style=\"display: none;\"><\/span>\n\t\t\t<span class=\"ZP_AUTHOR\" style=\"display: none;\"><\/span>\n\t\t\t<span class=\"ZP_YEAR\" style=\"display: none;\"><\/span>\n\t\t\t<span class=\"ZP_DATATYPE\" style=\"display: none;\">items<\/span>\n\t\t\t<span class=\"ZP_INCLUSIVE\" style=\"display: none;\">1<\/span>\n\t\t\t<span class=\"ZP_STYLE\" style=\"display: none;\"><\/span>\n\t\t\t<span class=\"ZP_LIMIT\" style=\"display: none;\"><\/span>\n\t\t\t<span class=\"ZP_SORTBY\" style=\"display: none;\">date<\/span>\n\t\t\t<span class=\"ZP_ORDER\" style=\"display: none;\">desc<\/span>\n\t\t\t<span class=\"ZP_TITLE\" style=\"display: none;\"><\/span>\n\t\t\t<span class=\"ZP_SHOWIMAGE\" style=\"display: none;\"><\/span>\n\t\t\t<span class=\"ZP_SHOWTAGS\" style=\"display: none;\"><\/span>\n\t\t\t<span class=\"ZP_DOWNLOADABLE\" style=\"display: none;\"><\/span>\n\t\t\t<span class=\"ZP_NOTES\" style=\"display: none;\"><\/span>\n\t\t\t<span class=\"ZP_ABSTRACT\" style=\"display: none;\"><\/span>\n\t\t\t<span class=\"ZP_CITEABLE\" style=\"display: none;\"><\/span>\n\t\t\t<span class=\"ZP_TARGET\" style=\"display: none;\">1<\/span>\n\t\t\t<span class=\"ZP_URLWRAP\" style=\"display: none;\"><\/span>\n\t\t\t<span class=\"ZP_FORCENUM\" style=\"display: none;\"><\/span>\n\t\t\t<span class=\"ZP_HIGHLIGHT\" style=\"display: none;\"><\/span>\n\t\t\t<span class=\"ZOTPRESS_PLUGIN_URL\" style=\"display:none;\">http:\/\/www.gamsau.map.cnrs.fr\/wp-content\/plugins\/zotpress\/<\/span>\n\t\t\t\n\t\t\t<div class=\"zp-List loading\"><\/div><!-- .zp-List --><\/div><!--.zp-Zotpress-->\n\n\n<\/div>\n<h3>Communication par affiche &#8211; congr\u00e8s internationale ou national<\/h3>\n<div class=\"swap1\">\n<div>\n<div id=\"zotpress-af7cc12c8526e1a9d360243ee2f92a30\" class=\"zp-Zotpress zp-Zotpress-Bib\">\n\t\t\n\t\t\t<span class=\"ZP_API_USER_ID\" style=\"display: none;\">2105085<\/span>\n\t\t\t<span class=\"ZP_ITEM_KEY\" style=\"display: none;\"><\/span>\n\t\t\t<span class=\"ZP_COLLECTION_ID\" style=\"display: none;\">T7IATA35<\/span>\n\t\t\t<span class=\"ZP_TAG_ID\" style=\"display: none;\"><\/span>\n\t\t\t<span class=\"ZP_AUTHOR\" style=\"display: none;\"><\/span>\n\t\t\t<span class=\"ZP_YEAR\" style=\"display: none;\"><\/span>\n\t\t\t<span class=\"ZP_DATATYPE\" style=\"display: none;\">items<\/span>\n\t\t\t<span class=\"ZP_INCLUSIVE\" style=\"display: none;\">1<\/span>\n\t\t\t<span class=\"ZP_STYLE\" style=\"display: none;\"><\/span>\n\t\t\t<span class=\"ZP_LIMIT\" style=\"display: none;\"><\/span>\n\t\t\t<span class=\"ZP_SORTBY\" style=\"display: none;\">date<\/span>\n\t\t\t<span class=\"ZP_ORDER\" style=\"display: none;\">desc<\/span>\n\t\t\t<span class=\"ZP_TITLE\" style=\"display: none;\"><\/span>\n\t\t\t<span class=\"ZP_SHOWIMAGE\" style=\"display: none;\"><\/span>\n\t\t\t<span class=\"ZP_SHOWTAGS\" style=\"display: none;\"><\/span>\n\t\t\t<span class=\"ZP_DOWNLOADABLE\" style=\"display: none;\"><\/span>\n\t\t\t<span class=\"ZP_NOTES\" style=\"display: none;\"><\/span>\n\t\t\t<span class=\"ZP_ABSTRACT\" style=\"display: none;\"><\/span>\n\t\t\t<span class=\"ZP_CITEABLE\" style=\"display: none;\"><\/span>\n\t\t\t<span class=\"ZP_TARGET\" style=\"display: none;\">1<\/span>\n\t\t\t<span class=\"ZP_URLWRAP\" style=\"display: none;\"><\/span>\n\t\t\t<span class=\"ZP_FORCENUM\" style=\"display: none;\"><\/span>\n\t\t\t<span class=\"ZP_HIGHLIGHT\" style=\"display: none;\"><\/span>\n\t\t\t<span class=\"ZOTPRESS_PLUGIN_URL\" style=\"display:none;\">http:\/\/www.gamsau.map.cnrs.fr\/wp-content\/plugins\/zotpress\/<\/span>\n\t\t\t\n\t\t\t<div class=\"zp-List loading\"><\/div><!-- .zp-List --><\/div><!--.zp-Zotpress-->\n\n\n<\/div>\n<\/div>\n<h3>S\u00e9minaires<\/h3>\n<div class=\"swap1\">\n<div>\n<div id=\"zotpress-a45fdf7efd384f1c6dae0f2809d369c9\" class=\"zp-Zotpress zp-Zotpress-Bib\">\n\t\t\n\t\t\t<span class=\"ZP_API_USER_ID\" style=\"display: none;\">2105085<\/span>\n\t\t\t<span class=\"ZP_ITEM_KEY\" style=\"display: none;\"><\/span>\n\t\t\t<span class=\"ZP_COLLECTION_ID\" style=\"display: none;\">N9R54227<\/span>\n\t\t\t<span class=\"ZP_TAG_ID\" style=\"display: none;\"><\/span>\n\t\t\t<span class=\"ZP_AUTHOR\" style=\"display: none;\"><\/span>\n\t\t\t<span class=\"ZP_YEAR\" style=\"display: none;\"><\/span>\n\t\t\t<span class=\"ZP_DATATYPE\" style=\"display: none;\">items<\/span>\n\t\t\t<span class=\"ZP_INCLUSIVE\" style=\"display: none;\">1<\/span>\n\t\t\t<span class=\"ZP_STYLE\" style=\"display: none;\"><\/span>\n\t\t\t<span class=\"ZP_LIMIT\" style=\"display: none;\"><\/span>\n\t\t\t<span class=\"ZP_SORTBY\" style=\"display: none;\">date<\/span>\n\t\t\t<span class=\"ZP_ORDER\" style=\"display: none;\">desc<\/span>\n\t\t\t<span class=\"ZP_TITLE\" style=\"display: none;\"><\/span>\n\t\t\t<span class=\"ZP_SHOWIMAGE\" style=\"display: none;\"><\/span>\n\t\t\t<span class=\"ZP_SHOWTAGS\" style=\"display: none;\"><\/span>\n\t\t\t<span class=\"ZP_DOWNLOADABLE\" style=\"display: none;\"><\/span>\n\t\t\t<span class=\"ZP_NOTES\" style=\"display: none;\"><\/span>\n\t\t\t<span class=\"ZP_ABSTRACT\" style=\"display: none;\"><\/span>\n\t\t\t<span class=\"ZP_CITEABLE\" style=\"display: none;\"><\/span>\n\t\t\t<span class=\"ZP_TARGET\" style=\"display: none;\">1<\/span>\n\t\t\t<span class=\"ZP_URLWRAP\" style=\"display: none;\"><\/span>\n\t\t\t<span class=\"ZP_FORCENUM\" style=\"display: none;\"><\/span>\n\t\t\t<span class=\"ZP_HIGHLIGHT\" style=\"display: none;\"><\/span>\n\t\t\t<span class=\"ZOTPRESS_PLUGIN_URL\" style=\"display:none;\">http:\/\/www.gamsau.map.cnrs.fr\/wp-content\/plugins\/zotpress\/<\/span>\n\t\t\t\n\t\t\t<div class=\"zp-List loading\"><\/div><!-- .zp-List --><\/div><!--.zp-Zotpress-->\n\n\n<\/div>\n<\/div>\n<h3>Brevets<\/h3>\n<div class=\"swap1\">\n<div>\n<div id=\"zotpress-d99f83b15245faf14caf85454db29edb\" class=\"zp-Zotpress zp-Zotpress-Bib\">\n\t\t\n\t\t\t<span class=\"ZP_API_USER_ID\" style=\"display: none;\">2105085<\/span>\n\t\t\t<span class=\"ZP_ITEM_KEY\" style=\"display: none;\"><\/span>\n\t\t\t<span class=\"ZP_COLLECTION_ID\" style=\"display: none;\">CDPF3Q6E<\/span>\n\t\t\t<span class=\"ZP_TAG_ID\" style=\"display: none;\"><\/span>\n\t\t\t<span class=\"ZP_AUTHOR\" style=\"display: none;\"><\/span>\n\t\t\t<span class=\"ZP_YEAR\" style=\"display: none;\"><\/span>\n\t\t\t<span class=\"ZP_DATATYPE\" style=\"display: none;\">items<\/span>\n\t\t\t<span class=\"ZP_INCLUSIVE\" style=\"display: none;\">1<\/span>\n\t\t\t<span class=\"ZP_STYLE\" style=\"display: none;\"><\/span>\n\t\t\t<span class=\"ZP_LIMIT\" style=\"display: none;\"><\/span>\n\t\t\t<span class=\"ZP_SORTBY\" style=\"display: none;\">date<\/span>\n\t\t\t<span class=\"ZP_ORDER\" style=\"display: none;\">desc<\/span>\n\t\t\t<span class=\"ZP_TITLE\" style=\"display: none;\"><\/span>\n\t\t\t<span class=\"ZP_SHOWIMAGE\" style=\"display: none;\"><\/span>\n\t\t\t<span class=\"ZP_SHOWTAGS\" style=\"display: none;\"><\/span>\n\t\t\t<span class=\"ZP_DOWNLOADABLE\" style=\"display: none;\"><\/span>\n\t\t\t<span class=\"ZP_NOTES\" style=\"display: none;\"><\/span>\n\t\t\t<span class=\"ZP_ABSTRACT\" style=\"display: none;\"><\/span>\n\t\t\t<span class=\"ZP_CITEABLE\" style=\"display: none;\"><\/span>\n\t\t\t<span class=\"ZP_TARGET\" style=\"display: none;\">1<\/span>\n\t\t\t<span class=\"ZP_URLWRAP\" style=\"display: none;\"><\/span>\n\t\t\t<span class=\"ZP_FORCENUM\" style=\"display: none;\"><\/span>\n\t\t\t<span class=\"ZP_HIGHLIGHT\" style=\"display: none;\"><\/span>\n\t\t\t<span class=\"ZOTPRESS_PLUGIN_URL\" style=\"display:none;\">http:\/\/www.gamsau.map.cnrs.fr\/wp-content\/plugins\/zotpress\/<\/span>\n\t\t\t\n\t\t\t<div class=\"zp-List loading\"><\/div><!-- .zp-List --><\/div><!--.zp-Zotpress-->\n\n\n<\/div>\n<\/div>\n<h3>Autres productions<\/h3>\n<div class=\"swap1\">\n<div>\n<div id=\"zotpress-b1bd1c4e686ad4a6ac892e994ec0ccba\" class=\"zp-Zotpress zp-Zotpress-Bib\">\n\t\t\n\t\t\t<span class=\"ZP_API_USER_ID\" style=\"display: none;\">2105085<\/span>\n\t\t\t<span class=\"ZP_ITEM_KEY\" style=\"display: none;\"><\/span>\n\t\t\t<span class=\"ZP_COLLECTION_ID\" style=\"display: none;\">6BREEU3C<\/span>\n\t\t\t<span class=\"ZP_TAG_ID\" style=\"display: none;\"><\/span>\n\t\t\t<span class=\"ZP_AUTHOR\" style=\"display: none;\"><\/span>\n\t\t\t<span class=\"ZP_YEAR\" style=\"display: none;\"><\/span>\n\t\t\t<span class=\"ZP_DATATYPE\" style=\"display: none;\">items<\/span>\n\t\t\t<span class=\"ZP_INCLUSIVE\" style=\"display: none;\">1<\/span>\n\t\t\t<span class=\"ZP_STYLE\" style=\"display: none;\"><\/span>\n\t\t\t<span class=\"ZP_LIMIT\" style=\"display: none;\"><\/span>\n\t\t\t<span class=\"ZP_SORTBY\" style=\"display: none;\">date<\/span>\n\t\t\t<span class=\"ZP_ORDER\" style=\"display: none;\">desc<\/span>\n\t\t\t<span class=\"ZP_TITLE\" style=\"display: none;\"><\/span>\n\t\t\t<span class=\"ZP_SHOWIMAGE\" style=\"display: none;\"><\/span>\n\t\t\t<span class=\"ZP_SHOWTAGS\" style=\"display: none;\"><\/span>\n\t\t\t<span class=\"ZP_DOWNLOADABLE\" style=\"display: none;\"><\/span>\n\t\t\t<span class=\"ZP_NOTES\" style=\"display: none;\"><\/span>\n\t\t\t<span class=\"ZP_ABSTRACT\" style=\"display: none;\"><\/span>\n\t\t\t<span class=\"ZP_CITEABLE\" style=\"display: none;\"><\/span>\n\t\t\t<span class=\"ZP_TARGET\" style=\"display: none;\">1<\/span>\n\t\t\t<span class=\"ZP_URLWRAP\" style=\"display: none;\"><\/span>\n\t\t\t<span class=\"ZP_FORCENUM\" style=\"display: none;\"><\/span>\n\t\t\t<span class=\"ZP_HIGHLIGHT\" style=\"display: none;\"><\/span>\n\t\t\t<span class=\"ZOTPRESS_PLUGIN_URL\" style=\"display:none;\">http:\/\/www.gamsau.map.cnrs.fr\/wp-content\/plugins\/zotpress\/<\/span>\n\t\t\t\n\t\t\t<div class=\"zp-List loading\"><\/div><!-- .zp-List --><\/div><!--.zp-Zotpress-->\n\n\n<\/div>\n<\/div>\n<\/div>\n","protected":false},"excerpt":{"rendered":"<p>Articles dans revues internationales \u00e0 comit\u00e9 de lecture r\u00e9pertori\u00e9es Articles dans revues \u00e0 comit\u00e9 de lecture non r\u00e9pertori\u00e9es Ouvrages scientifiques (ou chapitres de ces ouvrages) Conf\u00e9rences sur invitation Communications avec actes dans un congr\u00e8s international Communication orales sans actes dans un colloque Communication par affiche &#8211; congr\u00e8s internationale ou national S\u00e9minaires Brevets Autres productions<\/p>\n","protected":false},"author":1,"featured_media":0,"parent":221,"menu_order":0,"comment_status":"closed","ping_status":"closed","template":"","meta":{"footnotes":""},"class_list":["post-2805","page","type-page","status-publish","hentry"],"_links":{"self":[{"href":"http:\/\/www.gamsau.map.cnrs.fr\/index.php?rest_route=\/wp\/v2\/pages\/2805","targetHints":{"allow":["GET"]}}],"collection":[{"href":"http:\/\/www.gamsau.map.cnrs.fr\/index.php?rest_route=\/wp\/v2\/pages"}],"about":[{"href":"http:\/\/www.gamsau.map.cnrs.fr\/index.php?rest_route=\/wp\/v2\/types\/page"}],"author":[{"embeddable":true,"href":"http:\/\/www.gamsau.map.cnrs.fr\/index.php?rest_route=\/wp\/v2\/users\/1"}],"replies":[{"embeddable":true,"href":"http:\/\/www.gamsau.map.cnrs.fr\/index.php?rest_route=%2Fwp%2Fv2%2Fcomments&post=2805"}],"version-history":[{"count":113,"href":"http:\/\/www.gamsau.map.cnrs.fr\/index.php?rest_route=\/wp\/v2\/pages\/2805\/revisions"}],"predecessor-version":[{"id":5293,"href":"http:\/\/www.gamsau.map.cnrs.fr\/index.php?rest_route=\/wp\/v2\/pages\/2805\/revisions\/5293"}],"up":[{"embeddable":true,"href":"http:\/\/www.gamsau.map.cnrs.fr\/index.php?rest_route=\/wp\/v2\/pages\/221"}],"wp:attachment":[{"href":"http:\/\/www.gamsau.map.cnrs.fr\/index.php?rest_route=%2Fwp%2Fv2%2Fmedia&parent=2805"}],"curies":[{"name":"wp","href":"https:\/\/api.w.org\/{rel}","templated":true}]}}