{"id":54,"date":"2012-02-01T17:07:10","date_gmt":"2012-02-01T17:07:10","guid":{"rendered":"http:\/\/www.gamsau.map.cnrs.fr\/?page_id=54"},"modified":"2017-01-06T15:06:51","modified_gmt":"2017-01-06T14:06:51","slug":"recherche-2","status":"publish","type":"page","link":"http:\/\/www.gamsau.map.cnrs.fr\/?page_id=54","title":{"rendered":"RECHERCHE"},"content":{"rendered":"<p style=\"text-align: justify;\"><span style=\"color: #888888;\">Le projet scientifique du laboratoire MAP se concentre autour de deux axes de recherche :<\/span><\/p>\n<ul style=\"text-align: justify;\">\n<li>\n<h5><a title=\"Axe 1\" href=\"http:\/\/www.gamsau.map.cnrs.fr\/?page_id=34\">AXE 1 &#8211; Mod\u00e8les, m\u00e9thodes et outils pour l\u2019\u00e9tude du b\u00e2ti patrimonial<\/a><\/h5>\n<ul>\n<li><span style=\"color: #888888;\">Relev\u00e9, restitution g\u00e9om\u00e9trique et caract\u00e9risation s\u00e9mantique des formes architecturales<\/span><\/li>\n<li><span style=\"color: #888888;\">Analyse, structuration et visualisation d\u2019informations et de connaissances<\/span><\/li>\n<li><span style=\"color: #888888;\">Dispositifs multi-modaux pour la simulation, la consultation et la valorisation<\/span><\/li>\n<\/ul>\n<\/li>\n<\/ul>\n<p style=\"text-align: justify;\"><span style=\"color: #888888;\">Les actions de recherche du laboratoire MAP s\u2019inscrivent dans le cadre de projets<\/span> <strong><a title=\"Projets Internationaux\" href=\"http:\/\/www.gamsau.map.cnrs.fr\/?page_id=142\">internationaux <\/a><\/strong><span style=\"color: #888888;\">et<\/span> <strong><a title=\"Projets nationaux\" href=\"http:\/\/www.gamsau.map.cnrs.fr\/?page_id=144\">nationaux<\/a><\/strong> <span style=\"color: #888888;\">ainsi que de<\/span> <strong><a title=\"Coop\u00e9rations\" href=\"http:\/\/www.gamsau.map.cnrs.fr\/?page_id=205\">coop\u00e9rations scientifiques<\/a>.<\/strong><\/p>\n<p style=\"text-align: justify;\"><span style=\"color: #888888;\">Le MAP a constitu\u00e9 une<\/span> <strong><a title=\"Plateforme technique\" href=\"http:\/\/www.gamsau.map.cnrs.fr\/?page_id=209\">plateforme technique<\/a><\/strong> <span style=\"color: #888888;\">de tout premier plan, outil de travail renfor\u00e7ant le potentiel de questionnement scientifique du laboratoire, sa capacit\u00e9 d\u2019intervention et son attractivit\u00e9 comme structure d\u2019accueil.<\/span><\/p>\n","protected":false},"excerpt":{"rendered":"<p>Le projet scientifique du laboratoire MAP se concentre autour de deux axes de recherche : AXE 1 &#8211; Mod\u00e8les, m\u00e9thodes et outils pour l\u2019\u00e9tude du b\u00e2ti patrimonial Relev\u00e9, restitution g\u00e9om\u00e9trique et caract\u00e9risation s\u00e9mantique des formes architecturales Analyse, structuration et visualisation d\u2019informations et de connaissances Dispositifs multi-modaux pour la simulation, la consultation et la valorisation Les [&hellip;]<\/p>\n","protected":false},"author":1,"featured_media":0,"parent":0,"menu_order":1,"comment_status":"closed","ping_status":"closed","template":"","meta":{"footnotes":""},"class_list":["post-54","page","type-page","status-publish","hentry"],"_links":{"self":[{"href":"http:\/\/www.gamsau.map.cnrs.fr\/index.php?rest_route=\/wp\/v2\/pages\/54","targetHints":{"allow":["GET"]}}],"collection":[{"href":"http:\/\/www.gamsau.map.cnrs.fr\/index.php?rest_route=\/wp\/v2\/pages"}],"about":[{"href":"http:\/\/www.gamsau.map.cnrs.fr\/index.php?rest_route=\/wp\/v2\/types\/page"}],"author":[{"embeddable":true,"href":"http:\/\/www.gamsau.map.cnrs.fr\/index.php?rest_route=\/wp\/v2\/users\/1"}],"replies":[{"embeddable":true,"href":"http:\/\/www.gamsau.map.cnrs.fr\/index.php?rest_route=%2Fwp%2Fv2%2Fcomments&post=54"}],"version-history":[{"count":20,"href":"http:\/\/www.gamsau.map.cnrs.fr\/index.php?rest_route=\/wp\/v2\/pages\/54\/revisions"}],"predecessor-version":[{"id":4522,"href":"http:\/\/www.gamsau.map.cnrs.fr\/index.php?rest_route=\/wp\/v2\/pages\/54\/revisions\/4522"}],"wp:attachment":[{"href":"http:\/\/www.gamsau.map.cnrs.fr\/index.php?rest_route=%2Fwp%2Fv2%2Fmedia&parent=54"}],"curies":[{"name":"wp","href":"https:\/\/api.w.org\/{rel}","templated":true}]}}